{"id":414,"date":"2025-07-29T00:50:47","date_gmt":"2025-07-29T00:50:47","guid":{"rendered":"https:\/\/t295.turitopbooking.com\/pro\/?page_id=414"},"modified":"2025-08-06T15:59:27","modified_gmt":"2025-08-06T15:59:27","slug":"informativa-sulla-privacy","status":"publish","type":"page","link":"https:\/\/staging.kartingtenerife.com\/it\/informativa-sulla-privacy\/","title":{"rendered":"Informativa sulla privacy"},"content":{"rendered":"<style>.kb-row-layout-wrap.wp-block-kadence-rowlayout.kb-row-layout-id414_2892a5-96{margin-top:0px;margin-bottom:0px;}.kb-row-layout-id414_2892a5-96 > .kt-row-column-wrap{align-content:start;}:where(.kb-row-layout-id414_2892a5-96 > .kt-row-column-wrap) > .wp-block-kadence-column{justify-content:start;}.kb-row-layout-id414_2892a5-96 > .kt-row-column-wrap{column-gap:var(--global-kb-gap-none, 0rem );row-gap:var(--global-kb-gap-none, 0rem );padding-top:0px;padding-right:0px;padding-bottom:0px;padding-left:0px;grid-template-columns:minmax(0, 1fr);}.kb-row-layout-id414_2892a5-96 > .kt-row-layout-overlay{opacity:0.30;}@media all and (max-width: 1024px){.kb-row-layout-id414_2892a5-96 > .kt-row-column-wrap{grid-template-columns:minmax(0, 1fr);}}@media all and (max-width: 767px){.kb-row-layout-id414_2892a5-96 > .kt-row-column-wrap{grid-template-columns:minmax(0, 1fr);}}<\/style><div class=\"kb-row-layout-wrap kb-row-layout-id414_2892a5-96 alignfull wp-block-kadence-rowlayout\"><div class=\"kt-row-column-wrap kt-has-2-columns kt-row-layout-row kt-tab-layout-inherit kt-mobile-layout-row kt-row-valign-top\">\n<style>.kadence-column414_8ade87-27 > .kt-inside-inner-col{display:flex;}.kadence-column414_8ade87-27 > .kt-inside-inner-col{padding-top:0px;padding-right:0px;padding-bottom:0px;padding-left:0px;}.kadence-column414_8ade87-27 > .kt-inside-inner-col{min-height:300px;}.kadence-column414_8ade87-27 > .kt-inside-inner-col,.kadence-column414_8ade87-27 > .kt-inside-inner-col:before{border-top-left-radius:0px;border-top-right-radius:0px;border-bottom-right-radius:0px;border-bottom-left-radius:0px;}.kadence-column414_8ade87-27 > .kt-inside-inner-col{column-gap:var(--global-kb-gap-sm, 1rem);}.kadence-column414_8ade87-27 > .kt-inside-inner-col{flex-direction:column;justify-content:center;align-items:center;}.kadence-column414_8ade87-27 > .kt-inside-inner-col > .kb-image-is-ratio-size{align-self:stretch;}.kadence-column414_8ade87-27 > .kt-inside-inner-col > .wp-block-kadence-advancedgallery{align-self:stretch;}.kadence-column414_8ade87-27 > .kt-inside-inner-col > .aligncenter{width:100%;}.kt-row-column-wrap > .kadence-column414_8ade87-27{align-self:center;}.kt-inner-column-height-full:not(.kt-has-1-columns) > .wp-block-kadence-column.kadence-column414_8ade87-27{align-self:auto;}.kt-inner-column-height-full:not(.kt-has-1-columns) > .wp-block-kadence-column.kadence-column414_8ade87-27 > .kt-inside-inner-col{flex-direction:column;justify-content:center;}.kadence-column414_8ade87-27 > .kt-inside-inner-col{background-image:url('https:\/\/kartingtenerife.com\/wp-content\/uploads\/sites\/3\/2025\/07\/fondo-tienda.png');background-size:cover;background-position:50% 100%;background-attachment:scroll;background-repeat:no-repeat;}.kadence-column414_8ade87-27 > .kt-inside-inner-col:before{opacity:0.3;}.kadence-column414_8ade87-27{text-align:center;}.kadence-column414_8ade87-27{position:relative;}.kadence-column414_8ade87-27, .kt-inside-inner-col > .kadence-column414_8ade87-27:not(.specificity){margin-top:0px;margin-right:0px;margin-bottom:0px;margin-left:0px;}@media all and (max-width: 1024px){.kt-row-column-wrap > .kadence-column414_8ade87-27{align-self:center;}}@media all and (max-width: 1024px){.kt-inner-column-height-full:not(.kt-has-1-columns) > .wp-block-kadence-column.kadence-column414_8ade87-27{align-self:auto;}}@media all and (max-width: 1024px){.kt-inner-column-height-full:not(.kt-has-1-columns) > .wp-block-kadence-column.kadence-column414_8ade87-27 > .kt-inside-inner-col{flex-direction:column;justify-content:center;}}@media all and (max-width: 1024px){.kadence-column414_8ade87-27 > .kt-inside-inner-col{flex-direction:column;justify-content:center;align-items:center;}}@media all and (max-width: 767px){.kadence-column414_8ade87-27 > .kt-inside-inner-col{min-height:200px;flex-direction:column;justify-content:center;align-items:center;}.kt-row-column-wrap > .kadence-column414_8ade87-27{align-self:center;}.kt-inner-column-height-full:not(.kt-has-1-columns) > .wp-block-kadence-column.kadence-column414_8ade87-27{align-self:auto;}.kt-inner-column-height-full:not(.kt-has-1-columns) > .wp-block-kadence-column.kadence-column414_8ade87-27 > .kt-inside-inner-col{flex-direction:column;justify-content:center;}}<\/style>\n<div class=\"wp-block-kadence-column kadence-column414_8ade87-27\"><div class=\"kt-inside-inner-col\"><style>.wp-block-kadence-advancedheading.kt-adv-heading414_ab18e7-9d, .wp-block-kadence-advancedheading.kt-adv-heading414_ab18e7-9d[data-kb-block=\"kb-adv-heading414_ab18e7-9d\"]{padding-top:0px;padding-right:0px;padding-bottom:0px;padding-left:0px;margin-top:0px;margin-right:0px;margin-bottom:0px;margin-left:0px;font-style:normal;}.wp-block-kadence-advancedheading.kt-adv-heading414_ab18e7-9d mark.kt-highlight, .wp-block-kadence-advancedheading.kt-adv-heading414_ab18e7-9d[data-kb-block=\"kb-adv-heading414_ab18e7-9d\"] mark.kt-highlight{font-style:normal;color:#f76a0c;-webkit-box-decoration-break:clone;box-decoration-break:clone;padding-top:0px;padding-right:0px;padding-bottom:0px;padding-left:0px;}.wp-block-kadence-advancedheading.kt-adv-heading414_ab18e7-9d img.kb-inline-image, .wp-block-kadence-advancedheading.kt-adv-heading414_ab18e7-9d[data-kb-block=\"kb-adv-heading414_ab18e7-9d\"] img.kb-inline-image{width:150px;vertical-align:baseline;}@media all and (max-width: 767px){.wp-block-kadence-advancedheading.kt-adv-heading414_ab18e7-9d, .wp-block-kadence-advancedheading.kt-adv-heading414_ab18e7-9d[data-kb-block=\"kb-adv-heading414_ab18e7-9d\"]{font-size:var(--global-kb-font-size-lg, 2rem);}}<\/style>\n<h1 class=\"kt-adv-heading414_ab18e7-9d wp-block-kadence-advancedheading\" data-kb-block=\"kb-adv-heading414_ab18e7-9d\">Pol\u00edtica de privacidad<\/h1>\n<\/div><\/div>\n\n\n<style>.kadence-column414_5f776f-c1 > .kt-inside-inner-col{min-height:60px;}.kadence-column414_5f776f-c1 > .kt-inside-inner-col,.kadence-column414_5f776f-c1 > .kt-inside-inner-col:before{border-top-left-radius:0px;border-top-right-radius:0px;border-bottom-right-radius:0px;border-bottom-left-radius:0px;}.kadence-column414_5f776f-c1 > .kt-inside-inner-col{column-gap:var(--global-kb-gap-sm, 1rem);}.kadence-column414_5f776f-c1 > .kt-inside-inner-col{flex-direction:column;}.kadence-column414_5f776f-c1 > .kt-inside-inner-col > .aligncenter{width:100%;}.kadence-column414_5f776f-c1 > .kt-inside-inner-col{background-image:url('https:\/\/kartingtenerife.com\/wp-content\/uploads\/sites\/3\/2025\/07\/patron-svg.svg');background-size:cover;background-position:center center;background-attachment:scroll;background-repeat:no-repeat;}.kadence-column414_5f776f-c1 > .kt-inside-inner-col:before{opacity:0.3;}.kadence-column414_5f776f-c1{position:relative;}@media all and (max-width: 1024px){.kadence-column414_5f776f-c1 > .kt-inside-inner-col{flex-direction:column;justify-content:center;}}@media all and (max-width: 767px){.kadence-column414_5f776f-c1 > .kt-inside-inner-col{flex-direction:column;justify-content:center;}}<\/style>\n<div class=\"wp-block-kadence-column kadence-column414_5f776f-c1\"><div class=\"kt-inside-inner-col\"><\/div><\/div>\n\n<\/div><\/div>\n\n<style>.kb-row-layout-id414_88fdde-93 > .kt-row-column-wrap{align-content:start;}:where(.kb-row-layout-id414_88fdde-93 > .kt-row-column-wrap) > .wp-block-kadence-column{justify-content:start;}.kb-row-layout-id414_88fdde-93 > .kt-row-column-wrap{column-gap:var(--global-kb-gap-md, 2rem);row-gap:var(--global-kb-gap-md, 2rem);max-width:1000px;margin-left:auto;margin-right:auto;padding-top:var(--global-kb-spacing-lg, 3rem);padding-bottom:var(--global-kb-spacing-lg, 3rem);grid-template-columns:minmax(0, 1fr);}.kb-row-layout-id414_88fdde-93 > .kt-row-layout-overlay{opacity:0.30;}@media all and (max-width: 1024px){.kb-row-layout-id414_88fdde-93 > .kt-row-column-wrap{grid-template-columns:minmax(0, 1fr);}}@media all and (max-width: 767px){.kb-row-layout-id414_88fdde-93 > .kt-row-column-wrap{padding-right:var(--global-kb-spacing-xs, 1rem);padding-left:var(--global-kb-spacing-xs, 1rem);grid-template-columns:minmax(0, 1fr);}}<\/style><div class=\"kb-row-layout-wrap kb-row-layout-id414_88fdde-93 alignnone wp-block-kadence-rowlayout\"><div class=\"kt-row-column-wrap kt-has-1-columns kt-row-layout-equal kt-tab-layout-inherit kt-mobile-layout-row kt-row-valign-top\">\n<style>.kadence-column414_36a21d-db > .kt-inside-inner-col,.kadence-column414_36a21d-db > .kt-inside-inner-col:before{border-top-left-radius:0px;border-top-right-radius:0px;border-bottom-right-radius:0px;border-bottom-left-radius:0px;}.kadence-column414_36a21d-db > .kt-inside-inner-col{column-gap:var(--global-kb-gap-sm, 1rem);}.kadence-column414_36a21d-db > .kt-inside-inner-col{flex-direction:column;}.kadence-column414_36a21d-db > .kt-inside-inner-col > .aligncenter{width:100%;}.kadence-column414_36a21d-db > .kt-inside-inner-col:before{opacity:0.3;}.kadence-column414_36a21d-db{position:relative;}@media all and (max-width: 1024px){.kadence-column414_36a21d-db > .kt-inside-inner-col{flex-direction:column;justify-content:center;}}@media all and (max-width: 767px){.kadence-column414_36a21d-db > .kt-inside-inner-col{flex-direction:column;justify-content:center;}}<\/style>\n<div class=\"wp-block-kadence-column kadence-column414_36a21d-db\"><div class=\"kt-inside-inner-col\">\n<p>CANARY ISLANDS KARTING CLUB SL considera la protecci\u00f3n de todos los datos de car\u00e1cter personal de los Usuarios de los servicios del sitio Web. Mediante la presente Pol\u00edtica de Privacidad CANARY ISLANDS KARTING CLUB SL informa a los USUARIOS del sitios web:&nbsp;<a href=\"https:\/\/test.kartingtenerife.com\/\">test.kartingtenerife.com<\/a>, de los usos a los que se someten los datos de car\u00e1cter personal que se recaban en sitio Web, con el fin de que decidan, libre y voluntariamente, si desean facilitar la informaci\u00f3n solicitada.<\/p>\n\n\n\n<p>CANARY ISLANDS KARTING CLUB SL se reserva la facultad de modificar esta Pol\u00edtica con el objeto de adaptarla a novedades legislativas, o seg\u00fan nuestros intereses. Cualquier modificaci\u00f3n en la misma ser\u00e1 anunciada con la debida antelaci\u00f3n, a fin de que tengas perfecto conocimiento de su contenido.<\/p>\n\n\n\n<p>1. RESPONSABLE DEL TRATAMIENTO<\/p>\n\n\n\n<p>El Responsable del Tratamiento de los datos de car\u00e1cter personal es;<br><strong>Club Canario de Karting SL<\/strong><\/p>\n\n\n\n<p><a href=\"https:\/\/goo.gl\/maps\/oDRhafdbz7cAfcBw7\" target=\"_blank\" rel=\"noreferrer noopener nofollow\">Carretera del ch\u00f3 s\/n. Parque la reina, Salida 66 TF1,<\/a>&nbsp;38640 Arona. S\/C de Tenerife<br>Tel:&nbsp;<a href=\"tel:%200034%20639568792\">0034 639 568 792<\/a><\/p>\n\n\n\n<p>Correo electr\u00f3nico: administracion@kartingtenerife.com&nbsp;<a href=\"mailto:info@kartingtenerife.com\">info@kartingtenerife.com<\/a><\/p>\n\n\n\n<p>2. FINALIDAD DEL TRATAMIENTO<\/p>\n\n\n\n<p>La finalidad de la recogida y tratamiento de los datos personales, a trav\u00e9s del formulario de reservas y contacto, propiedad de CANARY ISLANDS KARTING CLUB SL puestos a disposici\u00f3n de los Usuarios, responden, a la siguiente finalidad:<\/p>\n\n\n\n<ul class=\"wp-block-list\">\n<li>Gesti\u00f3n de reservas y venta online.<\/li>\n\n\n\n<li>Gestionar y atender las solicitudes de informaci\u00f3n recibidas.<\/li>\n<\/ul>\n\n\n\n<p>3. PLAZO DE CONSERVACI\u00d3N<\/p>\n\n\n\n<p>Los datos personales proporcionados se conservar\u00e1n durante el plazo correspondiente para cumplir con las obligaciones legales o durante el plazo que un juez o tribunal los pueda requerir.<\/p>\n\n\n\n<p>4. LEGITIMACI\u00d3N<\/p>\n\n\n\n<p>CANARY ISLANDS KARTING CLUB SL dispone del consentimiento del usuario de la web para tratar sus datos, desde el momento en que \u00e9stos cumplimenten el formulario vinculado a las dos finalidades descritas anteriormente.<\/p>\n\n\n\n<p>5. EXACTITUD DE LOS DATOS<\/p>\n\n\n\n<p>Por otro lado, con el fin de que los datos obrantes en nuestros ficheros, inform\u00e1ticos y\/o en papel, siempre correspondan a la realidad, se tratar\u00e1 de mantener actualizados. De manera que, a estos efectos, el Usuario deber\u00e1 realizar los cambios, directamente, cuando as\u00ed est\u00e9 habilitado o comunic\u00e1ndose, por medio fehaciente, a CANARY ISLANDS KARTING CLUB SL<\/p>\n\n\n\n<p>6. DESTINATARIOS<\/p>\n\n\n\n<p>Los datos personales no ser\u00e1n cedidos o comunicados a terceros, salvo en los supuestos necesarios para el desarrollo, control y cumplimiento de la finalidad\/es expresada\/s, en los supuestos previstos seg\u00fan Ley.<\/p>\n\n\n\n<p>CANARY ISLANDS KARTING CLUB SL cuenta con encargados de tratamiento con los que tiene firmados un contrato de acceso a datos conforme al contenido previsto en el art\u00edculo 28 de la Ley 3\/2018. En concreto dispone de gestor\u00eda, alojamiento web, correo electr\u00f3nico y copias de seguridad.<\/p>\n\n\n\n<p>7. DERECHOS DE LOS USUARIOS<\/p>\n\n\n\n<p>No obstante, el interesado de los datos personales en todo caso podr\u00e1 ejercitar los derechos que le asisten, de acuerdo con La ley Org\u00e1nica 3\/2018, de Protecci\u00f3n de Datos Personales y garant\u00eda de los derechos digitales, y que son:<\/p>\n\n\n\n<p>Derecho a solicitar el acceso a los datos personales relativos al interesado,&nbsp;<\/p>\n\n\n\n<p>Derecho a solicitar su rectificaci\u00f3n o supresi\u00f3n,&nbsp;<\/p>\n\n\n\n<p>Derecho a solicitar la limitaci\u00f3n de su tratamiento,<\/p>\n\n\n\n<p>Derecho a oponerse al tratamiento,&nbsp;<\/p>\n\n\n\n<p>Derecho a la portabilidad de los datos<\/p>\n\n\n\n<p>El interesado podr\u00e1 ejercitar tales derechos mediante solicitud acompa\u00f1ada de una copia de su D.N.I, y en la que especificar\u00e1 cu\u00e1l de \u00e9stos solicita sea satisfecho, remitida a la direcci\u00f3n: CANARY ISLANDS KARTING CLUB SL&nbsp;<a href=\"https:\/\/goo.gl\/maps\/oDRhafdbz7cAfcBw7\" target=\"_blank\" rel=\"noreferrer noopener nofollow\">Carretera del ch\u00f3 s\/n. Parque la reina, Salida 66 TF1,<\/a>&nbsp;38640 Arona. S\/C de Tenerife (Espa\u00f1a) o en la direcci\u00f3n de correo electr\u00f3nico: administracion@kartingtenerife.com.<\/p>\n\n\n\n<p>En caso de considerar vulnerado su derecho a la protecci\u00f3n de datos personales, podr\u00e1 interponer una reclamaci\u00f3n ante la Agencia Espa\u00f1ola de Protecci\u00f3n de Datos.<\/p>\n\n\n\n<p>8. MEDIDAS DE SEGURIDAD<\/p>\n\n\n\n<p>Finalmente se informa que CANARY ISLANDS KARTING CLUB SL adoptar\u00e1 en su sistema de informaci\u00f3n las medidas t\u00e9cnicas y organizativas adecuadas, a fin de garantizar la seguridad y confidencialidad de los datos almacenados, evitando as\u00ed, su alteraci\u00f3n, p\u00e9rdida, tratamiento o acceso no autorizado; teniendo en cuenta el estado de la t\u00e9cnica, los costes de aplicaci\u00f3n, y la naturaleza, el alcance, el contexto y los fines del tratamiento, as\u00ed como riesgos de probabilidad y gravedad variables asociados a cada uno de los tratamientos.<\/p>\n<\/div><\/div>\n\n<\/div><\/div>","protected":false},"excerpt":{"rendered":"<p>Pol\u00edtica de privacidad CANARY ISLANDS KARTING CLUB SL considera la protecci\u00f3n de todos los datos de car\u00e1cter personal de los Usuarios de los servicios del sitio Web. Mediante la presente Pol\u00edtica de Privacidad CANARY ISLANDS KARTING CLUB SL informa a los USUARIOS del sitios web:&nbsp;test.kartingtenerife.com, de los usos a los que se someten los datos&#8230;<\/p>","protected":false},"author":10,"featured_media":0,"parent":0,"menu_order":0,"comment_status":"closed","ping_status":"closed","template":"","meta":{"_acf_changed":false,"_kad_blocks_custom_css":"","_kad_blocks_head_custom_js":"","_kad_blocks_body_custom_js":"","_kad_blocks_footer_custom_js":"","_kad_post_transparent":"disable","_kad_post_title":"","_kad_post_layout":"","_kad_post_sidebar_id":"","_kad_post_content_style":"","_kad_post_vertical_padding":"","_kad_post_feature":"","_kad_post_feature_position":"","_kad_post_header":false,"_kad_post_footer":false,"_kad_post_classname":"","footnotes":""},"class_list":["post-414","page","type-page","status-publish","hentry"],"acf":[],"taxonomy_info":[],"featured_image_src_large":false,"author_info":{"display_name":"gonzaloh","author_link":"https:\/\/staging.kartingtenerife.com\/it\/autor\/gonzaloh\/"},"comment_info":0,"_links":{"self":[{"href":"https:\/\/staging.kartingtenerife.com\/it\/wp-json\/wp\/v2\/pages\/414","targetHints":{"allow":["GET"]}}],"collection":[{"href":"https:\/\/staging.kartingtenerife.com\/it\/wp-json\/wp\/v2\/pages"}],"about":[{"href":"https:\/\/staging.kartingtenerife.com\/it\/wp-json\/wp\/v2\/types\/page"}],"author":[{"embeddable":true,"href":"https:\/\/staging.kartingtenerife.com\/it\/wp-json\/wp\/v2\/users\/10"}],"replies":[{"embeddable":true,"href":"https:\/\/staging.kartingtenerife.com\/it\/wp-json\/wp\/v2\/comments?post=414"}],"version-history":[{"count":4,"href":"https:\/\/staging.kartingtenerife.com\/it\/wp-json\/wp\/v2\/pages\/414\/revisions"}],"predecessor-version":[{"id":1641,"href":"https:\/\/staging.kartingtenerife.com\/it\/wp-json\/wp\/v2\/pages\/414\/revisions\/1641"}],"wp:attachment":[{"href":"https:\/\/staging.kartingtenerife.com\/it\/wp-json\/wp\/v2\/media?parent=414"}],"curies":[{"name":"wp","href":"https:\/\/api.w.org\/{rel}","templated":true}]}}