{"id":412,"date":"2025-07-29T00:50:28","date_gmt":"2025-07-29T00:50:28","guid":{"rendered":"https:\/\/t295.turitopbooking.com\/pro\/?page_id=412"},"modified":"2025-08-06T15:58:43","modified_gmt":"2025-08-06T15:58:43","slug":"informativa-sui-cookie","status":"publish","type":"page","link":"https:\/\/staging.kartingtenerife.com\/it\/informativa-sui-cookie\/","title":{"rendered":"Politica sui cookie"},"content":{"rendered":"<style>.kb-row-layout-wrap.wp-block-kadence-rowlayout.kb-row-layout-id412_48118e-b5{margin-top:0px;margin-bottom:0px;}.kb-row-layout-id412_48118e-b5 > .kt-row-column-wrap{align-content:start;}:where(.kb-row-layout-id412_48118e-b5 > .kt-row-column-wrap) > .wp-block-kadence-column{justify-content:start;}.kb-row-layout-id412_48118e-b5 > .kt-row-column-wrap{column-gap:var(--global-kb-gap-none, 0rem );row-gap:var(--global-kb-gap-none, 0rem );padding-top:0px;padding-right:0px;padding-bottom:0px;padding-left:0px;grid-template-columns:minmax(0, 1fr);}.kb-row-layout-id412_48118e-b5 > .kt-row-layout-overlay{opacity:0.30;}@media all and (max-width: 1024px){.kb-row-layout-id412_48118e-b5 > .kt-row-column-wrap{grid-template-columns:minmax(0, 1fr);}}@media all and (max-width: 767px){.kb-row-layout-id412_48118e-b5 > .kt-row-column-wrap{grid-template-columns:minmax(0, 1fr);}}<\/style><div class=\"kb-row-layout-wrap kb-row-layout-id412_48118e-b5 alignfull wp-block-kadence-rowlayout\"><div class=\"kt-row-column-wrap kt-has-2-columns kt-row-layout-row kt-tab-layout-inherit kt-mobile-layout-row kt-row-valign-top\">\n<style>.kadence-column412_13398a-21 > .kt-inside-inner-col{display:flex;}.kadence-column412_13398a-21 > .kt-inside-inner-col{padding-top:0px;padding-right:0px;padding-bottom:0px;padding-left:0px;}.kadence-column412_13398a-21 > .kt-inside-inner-col{min-height:300px;}.kadence-column412_13398a-21 > .kt-inside-inner-col,.kadence-column412_13398a-21 > .kt-inside-inner-col:before{border-top-left-radius:0px;border-top-right-radius:0px;border-bottom-right-radius:0px;border-bottom-left-radius:0px;}.kadence-column412_13398a-21 > .kt-inside-inner-col{column-gap:var(--global-kb-gap-sm, 1rem);}.kadence-column412_13398a-21 > .kt-inside-inner-col{flex-direction:column;justify-content:center;align-items:center;}.kadence-column412_13398a-21 > .kt-inside-inner-col > .kb-image-is-ratio-size{align-self:stretch;}.kadence-column412_13398a-21 > .kt-inside-inner-col > .wp-block-kadence-advancedgallery{align-self:stretch;}.kadence-column412_13398a-21 > .kt-inside-inner-col > .aligncenter{width:100%;}.kt-row-column-wrap > .kadence-column412_13398a-21{align-self:center;}.kt-inner-column-height-full:not(.kt-has-1-columns) > .wp-block-kadence-column.kadence-column412_13398a-21{align-self:auto;}.kt-inner-column-height-full:not(.kt-has-1-columns) > .wp-block-kadence-column.kadence-column412_13398a-21 > .kt-inside-inner-col{flex-direction:column;justify-content:center;}.kadence-column412_13398a-21 > .kt-inside-inner-col{background-image:url('https:\/\/kartingtenerife.com\/wp-content\/uploads\/sites\/3\/2025\/07\/fondo-tienda.png');background-size:cover;background-position:50% 100%;background-attachment:scroll;background-repeat:no-repeat;}.kadence-column412_13398a-21 > .kt-inside-inner-col:before{opacity:0.3;}.kadence-column412_13398a-21{text-align:center;}.kadence-column412_13398a-21{position:relative;}.kadence-column412_13398a-21, .kt-inside-inner-col > .kadence-column412_13398a-21:not(.specificity){margin-top:0px;margin-right:0px;margin-bottom:0px;margin-left:0px;}@media all and (max-width: 1024px){.kt-row-column-wrap > .kadence-column412_13398a-21{align-self:center;}}@media all and (max-width: 1024px){.kt-inner-column-height-full:not(.kt-has-1-columns) > .wp-block-kadence-column.kadence-column412_13398a-21{align-self:auto;}}@media all and (max-width: 1024px){.kt-inner-column-height-full:not(.kt-has-1-columns) > .wp-block-kadence-column.kadence-column412_13398a-21 > .kt-inside-inner-col{flex-direction:column;justify-content:center;}}@media all and (max-width: 1024px){.kadence-column412_13398a-21 > .kt-inside-inner-col{flex-direction:column;justify-content:center;align-items:center;}}@media all and (max-width: 767px){.kadence-column412_13398a-21 > .kt-inside-inner-col{min-height:200px;flex-direction:column;justify-content:center;align-items:center;}.kt-row-column-wrap > .kadence-column412_13398a-21{align-self:center;}.kt-inner-column-height-full:not(.kt-has-1-columns) > .wp-block-kadence-column.kadence-column412_13398a-21{align-self:auto;}.kt-inner-column-height-full:not(.kt-has-1-columns) > .wp-block-kadence-column.kadence-column412_13398a-21 > .kt-inside-inner-col{flex-direction:column;justify-content:center;}}<\/style>\n<div class=\"wp-block-kadence-column kadence-column412_13398a-21\"><div class=\"kt-inside-inner-col\"><style>.wp-block-kadence-advancedheading.kt-adv-heading412_386a9a-f3, .wp-block-kadence-advancedheading.kt-adv-heading412_386a9a-f3[data-kb-block=\"kb-adv-heading412_386a9a-f3\"]{padding-top:0px;padding-right:0px;padding-bottom:0px;padding-left:0px;margin-top:0px;margin-right:0px;margin-bottom:0px;margin-left:0px;font-style:normal;}.wp-block-kadence-advancedheading.kt-adv-heading412_386a9a-f3 mark.kt-highlight, .wp-block-kadence-advancedheading.kt-adv-heading412_386a9a-f3[data-kb-block=\"kb-adv-heading412_386a9a-f3\"] mark.kt-highlight{font-style:normal;color:#f76a0c;-webkit-box-decoration-break:clone;box-decoration-break:clone;padding-top:0px;padding-right:0px;padding-bottom:0px;padding-left:0px;}.wp-block-kadence-advancedheading.kt-adv-heading412_386a9a-f3 img.kb-inline-image, .wp-block-kadence-advancedheading.kt-adv-heading412_386a9a-f3[data-kb-block=\"kb-adv-heading412_386a9a-f3\"] img.kb-inline-image{width:150px;vertical-align:baseline;}@media all and (max-width: 767px){.wp-block-kadence-advancedheading.kt-adv-heading412_386a9a-f3, .wp-block-kadence-advancedheading.kt-adv-heading412_386a9a-f3[data-kb-block=\"kb-adv-heading412_386a9a-f3\"]{font-size:var(--global-kb-font-size-lg, 2rem);}}<\/style>\n<h1 class=\"kt-adv-heading412_386a9a-f3 wp-block-kadence-advancedheading\" data-kb-block=\"kb-adv-heading412_386a9a-f3\">Pol\u00edtica de cookies<\/h1>\n<\/div><\/div>\n\n\n<style>.kadence-column412_97039a-f4 > .kt-inside-inner-col{min-height:60px;}.kadence-column412_97039a-f4 > .kt-inside-inner-col,.kadence-column412_97039a-f4 > .kt-inside-inner-col:before{border-top-left-radius:0px;border-top-right-radius:0px;border-bottom-right-radius:0px;border-bottom-left-radius:0px;}.kadence-column412_97039a-f4 > .kt-inside-inner-col{column-gap:var(--global-kb-gap-sm, 1rem);}.kadence-column412_97039a-f4 > .kt-inside-inner-col{flex-direction:column;}.kadence-column412_97039a-f4 > .kt-inside-inner-col > .aligncenter{width:100%;}.kadence-column412_97039a-f4 > .kt-inside-inner-col{background-image:url('https:\/\/kartingtenerife.com\/wp-content\/uploads\/sites\/3\/2025\/07\/patron-svg.svg');background-size:cover;background-position:center center;background-attachment:scroll;background-repeat:no-repeat;}.kadence-column412_97039a-f4 > .kt-inside-inner-col:before{opacity:0.3;}.kadence-column412_97039a-f4{position:relative;}@media all and (max-width: 1024px){.kadence-column412_97039a-f4 > .kt-inside-inner-col{flex-direction:column;justify-content:center;}}@media all and (max-width: 767px){.kadence-column412_97039a-f4 > .kt-inside-inner-col{flex-direction:column;justify-content:center;}}<\/style>\n<div class=\"wp-block-kadence-column kadence-column412_97039a-f4\"><div class=\"kt-inside-inner-col\"><\/div><\/div>\n\n<\/div><\/div>\n\n<style>.kb-row-layout-id412_eb9522-9e > .kt-row-column-wrap{align-content:start;}:where(.kb-row-layout-id412_eb9522-9e > .kt-row-column-wrap) > .wp-block-kadence-column{justify-content:start;}.kb-row-layout-id412_eb9522-9e > .kt-row-column-wrap{column-gap:var(--global-kb-gap-md, 2rem);row-gap:var(--global-kb-gap-md, 2rem);max-width:1000px;margin-left:auto;margin-right:auto;padding-top:var(--global-kb-spacing-xl, 4rem);padding-bottom:var(--global-kb-spacing-xl, 4rem);grid-template-columns:minmax(0, 1fr);}.kb-row-layout-id412_eb9522-9e > .kt-row-layout-overlay{opacity:0.30;}@media all and (max-width: 1024px){.kb-row-layout-id412_eb9522-9e > .kt-row-column-wrap{grid-template-columns:minmax(0, 1fr);}}@media all and (max-width: 767px){.kb-row-layout-id412_eb9522-9e > .kt-row-column-wrap{padding-right:var(--global-kb-spacing-xs, 1rem);padding-left:var(--global-kb-spacing-xs, 1rem);grid-template-columns:minmax(0, 1fr);}}<\/style><div class=\"kb-row-layout-wrap kb-row-layout-id412_eb9522-9e alignnone wp-block-kadence-rowlayout\"><div class=\"kt-row-column-wrap kt-has-1-columns kt-row-layout-equal kt-tab-layout-inherit kt-mobile-layout-row kt-row-valign-top\">\n<style>.kadence-column412_45010b-4e > .kt-inside-inner-col,.kadence-column412_45010b-4e > .kt-inside-inner-col:before{border-top-left-radius:0px;border-top-right-radius:0px;border-bottom-right-radius:0px;border-bottom-left-radius:0px;}.kadence-column412_45010b-4e > .kt-inside-inner-col{column-gap:var(--global-kb-gap-sm, 1rem);}.kadence-column412_45010b-4e > .kt-inside-inner-col{flex-direction:column;}.kadence-column412_45010b-4e > .kt-inside-inner-col > .aligncenter{width:100%;}.kadence-column412_45010b-4e > .kt-inside-inner-col:before{opacity:0.3;}.kadence-column412_45010b-4e{position:relative;}@media all and (max-width: 1024px){.kadence-column412_45010b-4e > .kt-inside-inner-col{flex-direction:column;justify-content:center;}}@media all and (max-width: 767px){.kadence-column412_45010b-4e > .kt-inside-inner-col{flex-direction:column;justify-content:center;}}<\/style>\n<div class=\"wp-block-kadence-column kadence-column412_45010b-4e\"><div class=\"kt-inside-inner-col\">\n<p>Esta es la Pol\u00edtica de Cookies de Karting Club Tenerife, accesible desde kartingtenerife.com<\/p>\n\n\n\n<p><strong>Qu\u00e9 son las cookies<\/strong><\/p>\n\n\n\n<p>Como es pr\u00e1ctica habitual en casi todos los sitios web profesionales, este sitio utiliza cookies, que son peque\u00f1os archivos que se descargan en su ordenador para mejorar su experiencia. Esta p\u00e1gina describe qu\u00e9 informaci\u00f3n recopilan, c\u00f3mo la utilizamos y por qu\u00e9 a veces necesitamos almacenar estas cookies. Tambi\u00e9n le explicaremos c\u00f3mo puede evitar que se almacenen estas cookies, aunque esto puede degradar o \u00abromper\u00bb ciertos elementos de la funcionalidad de los sitios.<\/p>\n\n\n\n<p>Para m\u00e1s informaci\u00f3n general sobre las cookies, consulte el art\u00edculo de Wikipedia sobre Cookies HTTP.<\/p>\n\n\n\n<p><strong>C\u00f3mo utilizamos las cookies<\/strong><\/p>\n\n\n\n<p>Utilizamos cookies por una serie de razones que se detallan a continuaci\u00f3n. Lamentablemente, en la mayor\u00eda de los casos no existen opciones est\u00e1ndar para desactivar las cookies sin desactivar por completo la funcionalidad y las caracter\u00edsticas que a\u00f1aden a este sitio. Se recomienda dejar activadas todas las cookies si no est\u00e1 seguro de si las necesita o no en caso de que se utilicen para prestar un servicio que usted utilice.<\/p>\n\n\n\n<p><strong>Desactivar las cookies<\/strong><\/p>\n\n\n\n<p>Puede evitar la instalaci\u00f3n de cookies ajustando la configuraci\u00f3n de su navegador (consulte la Ayuda de su navegador para saber c\u00f3mo hacerlo). Tenga en cuenta que deshabilitar las cookies afectar\u00e1 a la funcionalidad de este sitio web y de muchos otros que visite. La desactivaci\u00f3n de las cookies suele conllevar tambi\u00e9n la desactivaci\u00f3n de determinadas funciones y caracter\u00edsticas de este sitio. Por lo tanto, le recomendamos que no desactive las cookies.<\/p>\n\n\n\n<p><strong>Las cookies que instalamos<\/strong><\/p>\n\n\n\n<ul class=\"wp-block-list\">\n<li>Cookies relacionadas con la cuenta Si crea una cuenta con nosotros, utilizaremos cookies para la gesti\u00f3n del proceso de registro y la administraci\u00f3n general. Por lo general, estas cookies se eliminan al cerrar la sesi\u00f3n, aunque en algunos casos pueden permanecer despu\u00e9s para recordar sus preferencias del sitio cuando cierra la sesi\u00f3n.<\/li>\n\n\n\n<li>Cookies relacionadas con el inicio de sesi\u00f3n Utilizamos cookies cuando ha iniciado sesi\u00f3n para recordar este hecho. Esto evita que tenga que iniciar sesi\u00f3n cada vez que visita una nueva p\u00e1gina. Estas cookies suelen eliminarse o borrarse al cerrar la sesi\u00f3n para garantizar que s\u00f3lo pueda acceder a las funciones y \u00e1reas restringidas cuando haya iniciado sesi\u00f3n.<\/li>\n\n\n\n<li>Cookies relacionadas con boletines por correo electr\u00f3nico Este sitio ofrece servicios de bolet\u00edn o suscripci\u00f3n por correo electr\u00f3nico y se pueden utilizar cookies para recordar si usted ya est\u00e1 registrado y si mostrar ciertas notificaciones que podr\u00edan ser v\u00e1lidas s\u00f3lo para usuarios suscritos\/no suscritos.<\/li>\n\n\n\n<li>Cookies relacionadas con la tramitaci\u00f3n de pedidos Este sitio ofrece facilidades de comercio electr\u00f3nico o de pago y algunas cookies son esenciales para garantizar que su pedido se recuerde entre p\u00e1ginas y podamos tramitarlo correctamente.<\/li>\n\n\n\n<li>Cookies relacionadas con formularios Cuando env\u00eda datos a trav\u00e9s de un formulario, como los que se encuentran en las p\u00e1ginas de contacto o en los formularios de comentarios, se pueden instalar cookies para recordar sus datos de usuario para futuras correspondencias.<\/li>\n\n\n\n<li>Cookies de preferencias del sitio Con el fin de proporcionarle una gran experiencia en este sitio le proporcionamos la funcionalidad para establecer sus preferencias sobre c\u00f3mo funciona este sitio cuando lo utiliza. Con el fin de recordar sus preferencias tenemos que configurar las cookies para que esta informaci\u00f3n puede ser llamada cada vez que interact\u00faa con una p\u00e1gina se ve afectada por sus preferencias.<\/li>\n<\/ul>\n\n\n\n<p><strong>Cookies de terceros<\/strong><\/p>\n\n\n\n<p>En algunos casos especiales tambi\u00e9n utilizamos cookies proporcionadas por terceros de confianza. En la siguiente secci\u00f3n se detalla qu\u00e9 cookies de terceros puede encontrar a trav\u00e9s de este sitio.<\/p>\n\n\n\n<ul class=\"wp-block-list\">\n<li>Este sitio utiliza Google Analytics, una de las soluciones anal\u00edticas m\u00e1s extendidas y fiables de la web, para ayudarnos a comprender c\u00f3mo utiliza usted el sitio y c\u00f3mo podemos mejorar su experiencia. Estas cookies pueden rastrear cosas como el tiempo que pasa en el sitio y las p\u00e1ginas que visita para que podamos seguir produciendo contenido atractivo. Para m\u00e1s informaci\u00f3n sobre las cookies de Google Analytics, consulte la p\u00e1gina oficial de Google Analytics.<\/li>\n\n\n\n<li>Las anal\u00edticas de terceros se utilizan para rastrear y medir el uso de este sitio, de modo que podamos seguir produciendo contenidos atractivos. Estas cookies pueden rastrear cosas como el tiempo que pasa en el sitio o las p\u00e1ginas que visita, lo que nos ayuda a entender c\u00f3mo podemos mejorar el sitio para usted.<\/li>\n\n\n\n<li>De vez en cuando probamos nuevas funciones e introducimos cambios sutiles en el funcionamiento del sitio. Cuando todav\u00eda estamos probando nuevas funciones, estas cookies se pueden utilizar para garantizar que usted recibe una experiencia consistente mientras est\u00e1 en el sitio, al tiempo que nos aseguramos de entender qu\u00e9 optimizaciones aprecian m\u00e1s nuestros usuarios.<\/li>\n\n\n\n<li>Como vendemos productos, es importante para nosotros conocer las estad\u00edsticas sobre cu\u00e1ntos de los visitantes de nuestro sitio realizan realmente una compra y, como tal, este es el tipo de datos que estas cookies rastrear\u00e1n. Esto es importante para usted, ya que significa que podemos hacer predicciones comerciales precisas que nos permiten controlar nuestra publicidad y los costes de los productos para garantizar el mejor precio posible.<\/li>\n\n\n\n<li>El servicio Google AdSense que utilizamos para publicar anuncios utiliza una cookie de DoubleClick para publicar anuncios m\u00e1s relevantes en la web y limitar el n\u00famero de veces que se le muestra un anuncio determinado. Para obtener m\u00e1s informaci\u00f3n sobre Google AdSense, consulte las preguntas frecuentes oficiales sobre privacidad de Google AdSense.<\/li>\n\n\n\n<li>Utilizamos anuncios para compensar los costes de funcionamiento de este sitio y financiar su desarrollo. Las cookies de publicidad comportamental utilizadas por este sitio est\u00e1n dise\u00f1adas para garantizar que le proporcionamos los anuncios m\u00e1s relevantes siempre que sea posible mediante el seguimiento an\u00f3nimo de sus intereses y la presentaci\u00f3n de cosas similares que puedan ser de su inter\u00e9s.<\/li>\n\n\n\n<li>Varios socios se anuncian en nuestro nombre y las cookies de seguimiento de afiliados simplemente nos permiten ver si nuestros clientes han llegado al sitio a trav\u00e9s de uno de nuestros sitios asociados para que podamos acreditarlos adecuadamente y, en su caso, permitir a nuestros socios afiliados proporcionar cualquier bonificaci\u00f3n que puedan ofrecerle por realizar una compra.<\/li>\n\n\n\n<li>Tambi\u00e9n utilizamos botones y\/o plugins de redes sociales en este sitio que le permiten conectarse con su red social de diversas maneras. Para que funcionen, las siguientes redes sociales, entre las que se incluyen {enumere las redes sociales cuyas funciones ha integrado en su sitio web&#8230;12}, instalar\u00e1n cookies a trav\u00e9s de nuestro sitio web que podr\u00e1n utilizarse para mejorar su perfil en su sitio web o contribuir a los datos que poseen para diversos fines descritos en sus respectivas pol\u00edticas de privacidad.<\/li>\n<\/ul>\n\n\n\n<p><strong>M\u00e1s informaci\u00f3n<\/strong><\/p>\n\n\n\n<p>Esperamos que esto le haya aclarado las cosas y, como se mencion\u00f3 anteriormente, si hay algo que no est\u00e1 seguro de si necesita o no, normalmente es m\u00e1s seguro dejar las cookies activadas en caso de que interact\u00faen con una de las funciones que utiliza en nuestro sitio. Esta Pol\u00edtica de Cookies fue creada con la ayuda de la&nbsp;<a href=\"https:\/\/www.cookiepolicygenerator.com\/\" target=\"_blank\" rel=\"noreferrer noopener nofollow\">Generador de plantillas de pol\u00edtica de cookies<\/a>&nbsp;y el&nbsp;<a href=\"https:\/\/www.webterms.org\/\" target=\"_blank\" rel=\"noreferrer noopener nofollow\">Generador WebTerms<\/a>.<\/p>\n\n\n\n<p>No obstante, si sigue buscando m\u00e1s informaci\u00f3n, puede ponerse en contacto con nosotros a trav\u00e9s de uno de nuestros m\u00e9todos de contacto preferidos:<\/p>\n<\/div><\/div>\n\n<\/div><\/div>","protected":false},"excerpt":{"rendered":"<p>Informativa sui cookie Questa \u00e8 l'informativa sui cookie del Karting Club Tenerife, accessibile da kartingtenerife.com Cosa sono i cookie Come \u00e8 prassi comune a quasi tutti i siti web professionali, questo sito utilizza i cookie, che sono piccoli file che vengono scaricati sul vostro computer per migliorare la vostra esperienza. Questa pagina descrive quali informazioni vengono raccolte, come...<\/p>","protected":false},"author":10,"featured_media":0,"parent":0,"menu_order":0,"comment_status":"closed","ping_status":"closed","template":"","meta":{"_acf_changed":false,"_kad_blocks_custom_css":"","_kad_blocks_head_custom_js":"","_kad_blocks_body_custom_js":"","_kad_blocks_footer_custom_js":"","_kad_post_transparent":"disable","_kad_post_title":"","_kad_post_layout":"","_kad_post_sidebar_id":"","_kad_post_content_style":"","_kad_post_vertical_padding":"","_kad_post_feature":"","_kad_post_feature_position":"","_kad_post_header":false,"_kad_post_footer":false,"_kad_post_classname":"","footnotes":""},"class_list":["post-412","page","type-page","status-publish","hentry"],"acf":[],"taxonomy_info":[],"featured_image_src_large":false,"author_info":{"display_name":"gonzaloh","author_link":"https:\/\/staging.kartingtenerife.com\/it\/autor\/gonzaloh\/"},"comment_info":0,"_links":{"self":[{"href":"https:\/\/staging.kartingtenerife.com\/it\/wp-json\/wp\/v2\/pages\/412","targetHints":{"allow":["GET"]}}],"collection":[{"href":"https:\/\/staging.kartingtenerife.com\/it\/wp-json\/wp\/v2\/pages"}],"about":[{"href":"https:\/\/staging.kartingtenerife.com\/it\/wp-json\/wp\/v2\/types\/page"}],"author":[{"embeddable":true,"href":"https:\/\/staging.kartingtenerife.com\/it\/wp-json\/wp\/v2\/users\/10"}],"replies":[{"embeddable":true,"href":"https:\/\/staging.kartingtenerife.com\/it\/wp-json\/wp\/v2\/comments?post=412"}],"version-history":[{"count":6,"href":"https:\/\/staging.kartingtenerife.com\/it\/wp-json\/wp\/v2\/pages\/412\/revisions"}],"predecessor-version":[{"id":1639,"href":"https:\/\/staging.kartingtenerife.com\/it\/wp-json\/wp\/v2\/pages\/412\/revisions\/1639"}],"wp:attachment":[{"href":"https:\/\/staging.kartingtenerife.com\/it\/wp-json\/wp\/v2\/media?parent=412"}],"curies":[{"name":"wp","href":"https:\/\/api.w.org\/{rel}","templated":true}]}}