{"id":992,"date":"2025-07-31T20:31:41","date_gmt":"2025-07-31T20:31:41","guid":{"rendered":"https:\/\/t295.turitopbooking.com\/pro\/?post_type=product&#038;p=992"},"modified":"2026-03-03T15:34:20","modified_gmt":"2026-03-03T15:34:20","slug":"grand-prix","status":"publish","type":"product","link":"https:\/\/staging.kartingtenerife.com\/fr\/course\/grand-prix\/","title":{"rendered":"Grand Prix"},"content":{"rendered":"<p class=\"p1\">R\u00e9servez votre exp\u00e9rience de karting Gran Prix \u00e0 Tenerife. Des courses passionnantes pour les groupes, les familles et les \u00e9v\u00e9nements avec des podiums et des qualifications, r\u00e9servez en ligne !<\/p>\n<p>Les pilotes effectueront un \u00e9chauffement et un positionnement de 10 minutes. Les temps r\u00e9alis\u00e9s pendant ces 10 minutes d\u00e9termineront la grille de d\u00e9part de la course finale, qui comprendra 13 tours. Les 3 premiers pilotes recevront 3 dipl\u00f4mes personnalis\u00e9s et le premier pourra f\u00eater l'\u00e9v\u00e9nement avec une bouteille de cava.<\/p>","protected":false},"excerpt":{"rendered":"<ul>\n<li class=\"one\"><strong>1er class\u00e9 :<\/strong> 1 bouteille de Cava + Dipl\u00f4me.<\/li>\n<li class=\"two\"><strong>2\u00e8me class\u00e9 :<\/strong> Dipl\u00f4me.<\/li>\n<li class=\"tree\"><strong>3\u00e8me class\u00e9 :<\/strong> Dipl\u00f4me.<\/li>\n<\/ul>","protected":false},"featured_media":993,"comment_status":"open","ping_status":"closed","template":"","meta":{"_acf_changed":false,"_kad_blocks_custom_css":"","_kad_blocks_head_custom_js":"","_kad_blocks_body_custom_js":"","_kad_blocks_footer_custom_js":"","_kad_post_transparent":"default","_kad_post_title":"","_kad_post_layout":"default","_kad_post_sidebar_id":"","_kad_post_content_style":"default","_kad_post_vertical_padding":"default","_kad_post_feature":"","_kad_post_feature_position":"","_kad_post_header":false,"_kad_post_footer":false,"_kad_post_classname":""},"product_brand":[],"product_cat":[94],"product_tag":[],"class_list":{"0":"post-992","1":"product","2":"type-product","3":"status-publish","4":"has-post-thumbnail","6":"product_cat-torneo","8":"first","9":"instock","10":"virtual","11":"sold-individually","12":"purchasable","13":"product-type-turitop","14":"entry","15":"content-bg","16":"loop-entry"},"acf":[],"taxonomy_info":{"product_cat":[{"value":94,"label":"Torneo"}]},"featured_image_src_large":["https:\/\/staging.kartingtenerife.com\/wp-content\/uploads\/sites\/3\/2025\/07\/Gran-Premio.jpg",800,483,false],"author_info":[],"comment_info":0,"_links":{"self":[{"href":"https:\/\/staging.kartingtenerife.com\/fr\/wp-json\/wp\/v2\/product\/992","targetHints":{"allow":["GET"]}}],"collection":[{"href":"https:\/\/staging.kartingtenerife.com\/fr\/wp-json\/wp\/v2\/product"}],"about":[{"href":"https:\/\/staging.kartingtenerife.com\/fr\/wp-json\/wp\/v2\/types\/product"}],"replies":[{"embeddable":true,"href":"https:\/\/staging.kartingtenerife.com\/fr\/wp-json\/wp\/v2\/comments?post=992"}],"wp:featuredmedia":[{"embeddable":true,"href":"https:\/\/staging.kartingtenerife.com\/fr\/wp-json\/wp\/v2\/media\/993"}],"wp:attachment":[{"href":"https:\/\/staging.kartingtenerife.com\/fr\/wp-json\/wp\/v2\/media?parent=992"}],"wp:term":[{"taxonomy":"product_brand","embeddable":true,"href":"https:\/\/staging.kartingtenerife.com\/fr\/wp-json\/wp\/v2\/product_brand?post=992"},{"taxonomy":"product_cat","embeddable":true,"href":"https:\/\/staging.kartingtenerife.com\/fr\/wp-json\/wp\/v2\/product_cat?post=992"},{"taxonomy":"product_tag","embeddable":true,"href":"https:\/\/staging.kartingtenerife.com\/fr\/wp-json\/wp\/v2\/product_tag?post=992"}],"curies":[{"name":"wp","href":"https:\/\/api.w.org\/{rel}","templated":true}]}}