{"id":755,"date":"2025-07-29T18:22:55","date_gmt":"2025-07-29T18:22:55","guid":{"rendered":"https:\/\/t295.turitopbooking.com\/pro\/?post_type=product&#038;p=755"},"modified":"2026-03-09T19:24:43","modified_gmt":"2026-03-09T19:24:43","slug":"cadet-junior","status":"publish","type":"product","link":"https:\/\/staging.kartingtenerife.com\/fr\/course\/cadet-junior\/","title":{"rendered":"Cadet junior"},"content":{"rendered":"<p>Le Junior Cadet 180 cc pour le circuit des enfants. Un karting s\u00fbr et amusant pour les jeunes pilotes avec une vitesse maximale de 20 km\/h.<\/p>\n<p>Les karts 180 cc Junior Cadet sont sp\u00e9cialement con\u00e7us pour que les jeunes puissent profiter des sensations du karting sur un circuit junior s\u00e9curis\u00e9 et adapt\u00e9 \u00e0 leur niveau. Ces karts offrent une exp\u00e9rience amusante et contr\u00f4l\u00e9e, id\u00e9ale pour permettre aux enfants et aux jeunes de s'initier au monde de la course automobile tout en d\u00e9veloppant leurs comp\u00e9tences de conduite.<\/p>\n<p>\u00c9quip\u00e9s d'un moteur 4 temps de 180 c.c. et d'une puissance de 14 chevaux, ces karts garantissent un fonctionnement efficace et stable sur la piste. Leur poids de 124 kg, leur longueur de 1,82 m et leur largeur de 1,30 m assurent une conduite \u00e9quilibr\u00e9e qui facilite le contr\u00f4le et la s\u00e9curit\u00e9 sur l'ensemble du parcours.<\/p>\n<p>Avec une vitesse maximale de 20 km\/h, les karts juniors permettent aux plus jeunes de s'adonner au karting en toute s\u00e9curit\u00e9 et de ressentir l'adr\u00e9naline de la conduite dans un environnement sp\u00e9cialement pr\u00e9par\u00e9 pour eux.<\/p>","protected":false},"excerpt":{"rendered":"<ul>\n<li>Piste junior<\/li>\n<li>De 10 \u00e0 14 ans<\/li>\n<\/ul>","protected":false},"featured_media":756,"comment_status":"open","ping_status":"closed","template":"","meta":{"_acf_changed":false,"_kad_blocks_custom_css":"","_kad_blocks_head_custom_js":"","_kad_blocks_body_custom_js":"","_kad_blocks_footer_custom_js":"","_kad_post_transparent":"default","_kad_post_title":"","_kad_post_layout":"default","_kad_post_sidebar_id":"","_kad_post_content_style":"default","_kad_post_vertical_padding":"default","_kad_post_feature":"","_kad_post_feature_position":"","_kad_post_header":false,"_kad_post_footer":false,"_kad_post_classname":""},"product_brand":[],"product_cat":[85,92],"product_tag":[],"class_list":{"0":"post-755","1":"product","2":"type-product","3":"status-publish","4":"has-post-thumbnail","6":"product_cat-kart","7":"product_cat-pista-junior","9":"first","10":"instock","11":"sale","12":"virtual","13":"taxable","14":"purchasable","15":"product-type-simple","16":"entry","17":"content-bg","18":"loop-entry"},"acf":[],"taxonomy_info":{"product_cat":[{"value":85,"label":"Kart"},{"value":92,"label":"Pista Junior"}]},"featured_image_src_large":["https:\/\/staging.kartingtenerife.com\/wp-content\/uploads\/sites\/3\/2025\/07\/Cadete-Junior.png",800,734,false],"author_info":[],"comment_info":0,"_links":{"self":[{"href":"https:\/\/staging.kartingtenerife.com\/fr\/wp-json\/wp\/v2\/product\/755","targetHints":{"allow":["GET"]}}],"collection":[{"href":"https:\/\/staging.kartingtenerife.com\/fr\/wp-json\/wp\/v2\/product"}],"about":[{"href":"https:\/\/staging.kartingtenerife.com\/fr\/wp-json\/wp\/v2\/types\/product"}],"replies":[{"embeddable":true,"href":"https:\/\/staging.kartingtenerife.com\/fr\/wp-json\/wp\/v2\/comments?post=755"}],"wp:featuredmedia":[{"embeddable":true,"href":"https:\/\/staging.kartingtenerife.com\/fr\/wp-json\/wp\/v2\/media\/756"}],"wp:attachment":[{"href":"https:\/\/staging.kartingtenerife.com\/fr\/wp-json\/wp\/v2\/media?parent=755"}],"wp:term":[{"taxonomy":"product_brand","embeddable":true,"href":"https:\/\/staging.kartingtenerife.com\/fr\/wp-json\/wp\/v2\/product_brand?post=755"},{"taxonomy":"product_cat","embeddable":true,"href":"https:\/\/staging.kartingtenerife.com\/fr\/wp-json\/wp\/v2\/product_cat?post=755"},{"taxonomy":"product_tag","embeddable":true,"href":"https:\/\/staging.kartingtenerife.com\/fr\/wp-json\/wp\/v2\/product_tag?post=755"}],"curies":[{"name":"wp","href":"https:\/\/api.w.org\/{rel}","templated":true}]}}