{"id":734,"date":"2025-07-29T16:43:06","date_gmt":"2025-07-29T16:43:06","guid":{"rendered":"https:\/\/t295.turitopbooking.com\/pro\/?post_type=product&#038;p=734"},"modified":"2026-04-09T16:07:40","modified_gmt":"2026-04-09T16:07:40","slug":"anniversaires","status":"publish","type":"product","link":"https:\/\/staging.kartingtenerife.com\/fr\/course\/anniversaires\/","title":{"rendered":"Anniversaire"},"content":{"rendered":"<p>C\u00e9l\u00e9brez un anniversaire inoubliable sur le circuit de karting de Tenerife. Forfaits pour enfants et adultes, courses, amusement et exp\u00e9riences uniques, r\u00e9servez d\u00e8s maintenant !<\/p>\n<p>Le Karting Club Tenerife vous offre la possibilit\u00e9 de f\u00eater l'anniversaire de votre enfant chez nous et de profiter en m\u00eame temps de l'adr\u00e9naline du karting.<\/p>\n<p><strong>Faites de cette journ\u00e9e un moment inoubliable pour eux !<\/strong><\/p>","protected":false},"excerpt":{"rendered":"<ul>\n<li>Anniversaires jusqu'\u00e0 14 ans<\/li>\n<li>Mod\u00e8les de karts par \u00e2ge<\/li>\n<li>Options pour les adultes<\/li>\n<li>Menu et suppl\u00e9ments<\/li>\n<\/ul>","protected":false},"featured_media":296,"comment_status":"open","ping_status":"closed","template":"","meta":{"_acf_changed":false,"_kad_blocks_custom_css":"","_kad_blocks_head_custom_js":"","_kad_blocks_body_custom_js":"","_kad_blocks_footer_custom_js":"","_kad_post_transparent":"default","_kad_post_title":"","_kad_post_layout":"default","_kad_post_sidebar_id":"","_kad_post_content_style":"default","_kad_post_vertical_padding":"default","_kad_post_feature":"","_kad_post_feature_position":"","_kad_post_header":false,"_kad_post_footer":false,"_kad_post_classname":""},"product_brand":[],"product_cat":[813,90],"product_tag":[],"class_list":{"0":"post-734","1":"product","2":"type-product","3":"status-publish","4":"has-post-thumbnail","6":"product_cat-cumpleanos","7":"product_cat-main","9":"first","10":"instock","11":"virtual","12":"purchasable","13":"product-type-simple","14":"entry","15":"content-bg","16":"loop-entry"},"acf":[],"taxonomy_info":{"product_cat":[{"value":813,"label":"Cumplea\u00f1os"},{"value":90,"label":"Main"}]},"featured_image_src_large":["https:\/\/staging.kartingtenerife.com\/wp-content\/uploads\/sites\/3\/2025\/07\/cumpleanos-banner-card.jpg",313,167,false],"author_info":[],"comment_info":0,"_links":{"self":[{"href":"https:\/\/staging.kartingtenerife.com\/fr\/wp-json\/wp\/v2\/product\/734","targetHints":{"allow":["GET"]}}],"collection":[{"href":"https:\/\/staging.kartingtenerife.com\/fr\/wp-json\/wp\/v2\/product"}],"about":[{"href":"https:\/\/staging.kartingtenerife.com\/fr\/wp-json\/wp\/v2\/types\/product"}],"replies":[{"embeddable":true,"href":"https:\/\/staging.kartingtenerife.com\/fr\/wp-json\/wp\/v2\/comments?post=734"}],"wp:featuredmedia":[{"embeddable":true,"href":"https:\/\/staging.kartingtenerife.com\/fr\/wp-json\/wp\/v2\/media\/296"}],"wp:attachment":[{"href":"https:\/\/staging.kartingtenerife.com\/fr\/wp-json\/wp\/v2\/media?parent=734"}],"wp:term":[{"taxonomy":"product_brand","embeddable":true,"href":"https:\/\/staging.kartingtenerife.com\/fr\/wp-json\/wp\/v2\/product_brand?post=734"},{"taxonomy":"product_cat","embeddable":true,"href":"https:\/\/staging.kartingtenerife.com\/fr\/wp-json\/wp\/v2\/product_cat?post=734"},{"taxonomy":"product_tag","embeddable":true,"href":"https:\/\/staging.kartingtenerife.com\/fr\/wp-json\/wp\/v2\/product_tag?post=734"}],"curies":[{"name":"wp","href":"https:\/\/api.w.org\/{rel}","templated":true}]}}