{"id":669,"date":"2025-07-29T15:21:15","date_gmt":"2025-07-29T15:21:15","guid":{"rendered":"https:\/\/t295.turitopbooking.com\/pro\/product\/circuito-kart\/"},"modified":"2026-03-16T19:11:18","modified_gmt":"2026-03-16T19:11:18","slug":"location-de-karts","status":"publish","type":"product","link":"https:\/\/staging.kartingtenerife.com\/fr\/course\/location-de-karts\/","title":{"rendered":"Karts \u00e0 louer"},"content":{"rendered":"<p>Louez un kart \u00e0 T\u00e9n\u00e9rife et d\u00e9couvrez les sensations de la conduite sur un circuit con\u00e7u pour tous les \u00e2ges. Le Karting Club Tenerife dispose de circuits seniors et juniors, offrant vitesse, s\u00e9curit\u00e9 et plaisir aux adultes et aux enfants.<\/p>\n<p>R\u00e9servez votre session en ligne et profitez d'une exp\u00e9rience de karting \u00e0 Tenerife, id\u00e9ale pour les amis, les familles ou les amateurs de vitesse.<\/p>","protected":false},"excerpt":{"rendered":"<ul>\n<li>Mod\u00e8les de karts par \u00e2ge<\/li>\n<li>Dur\u00e9e de 12 minutes<\/li>\n<li>Acc\u00e8s aux pistes<\/li>\n<li>Un maximum de plaisir<\/li>\n<\/ul>","protected":false},"featured_media":295,"comment_status":"open","ping_status":"closed","template":"","meta":{"_acf_changed":false,"_kad_blocks_custom_css":"","_kad_blocks_head_custom_js":"","_kad_blocks_body_custom_js":"","_kad_blocks_footer_custom_js":"","_kad_post_transparent":"default","_kad_post_title":"","_kad_post_layout":"default","_kad_post_sidebar_id":"","_kad_post_content_style":"default","_kad_post_vertical_padding":"default","_kad_post_feature":"","_kad_post_feature_position":"","_kad_post_header":false,"_kad_post_footer":false,"_kad_post_classname":""},"product_brand":[],"product_cat":[90],"product_tag":[],"class_list":{"0":"post-669","1":"product","2":"type-product","3":"status-publish","4":"has-post-thumbnail","6":"product_cat-main","8":"first","9":"instock","10":"virtual","11":"sold-individually","12":"purchasable","13":"product-type-turitop","14":"entry","15":"content-bg","16":"loop-entry"},"acf":[],"taxonomy_info":{"product_cat":[{"value":90,"label":"Main"}]},"featured_image_src_large":["https:\/\/staging.kartingtenerife.com\/wp-content\/uploads\/sites\/3\/2025\/07\/circuito-karts-banner-card.jpg",313,167,false],"author_info":[],"comment_info":0,"_links":{"self":[{"href":"https:\/\/staging.kartingtenerife.com\/fr\/wp-json\/wp\/v2\/product\/669","targetHints":{"allow":["GET"]}}],"collection":[{"href":"https:\/\/staging.kartingtenerife.com\/fr\/wp-json\/wp\/v2\/product"}],"about":[{"href":"https:\/\/staging.kartingtenerife.com\/fr\/wp-json\/wp\/v2\/types\/product"}],"replies":[{"embeddable":true,"href":"https:\/\/staging.kartingtenerife.com\/fr\/wp-json\/wp\/v2\/comments?post=669"}],"wp:featuredmedia":[{"embeddable":true,"href":"https:\/\/staging.kartingtenerife.com\/fr\/wp-json\/wp\/v2\/media\/295"}],"wp:attachment":[{"href":"https:\/\/staging.kartingtenerife.com\/fr\/wp-json\/wp\/v2\/media?parent=669"}],"wp:term":[{"taxonomy":"product_brand","embeddable":true,"href":"https:\/\/staging.kartingtenerife.com\/fr\/wp-json\/wp\/v2\/product_brand?post=669"},{"taxonomy":"product_cat","embeddable":true,"href":"https:\/\/staging.kartingtenerife.com\/fr\/wp-json\/wp\/v2\/product_cat?post=669"},{"taxonomy":"product_tag","embeddable":true,"href":"https:\/\/staging.kartingtenerife.com\/fr\/wp-json\/wp\/v2\/product_tag?post=669"}],"curies":[{"name":"wp","href":"https:\/\/api.w.org\/{rel}","templated":true}]}}