{"id":667,"date":"2025-07-29T15:21:14","date_gmt":"2025-07-29T15:21:14","guid":{"rendered":"https:\/\/t295.turitopbooking.com\/pro\/product\/transporte\/"},"modified":"2026-03-03T15:51:01","modified_gmt":"2026-03-03T15:51:01","slug":"entreprises-de-team-building","status":"publish","type":"product","link":"https:\/\/staging.kartingtenerife.com\/fr\/course\/entreprises-de-team-building\/","title":{"rendered":"Soci\u00e9t\u00e9s de team building"},"content":{"rendered":"<p>R\u00e9servez des activit\u00e9s de team building \u00e0 Tenerife pour les entreprises : d\u00e9fis, dynamique de groupe et exp\u00e9riences d'entreprise con\u00e7ues pour renforcer les \u00e9quipes et encourager la collaboration.<\/p>","protected":false},"excerpt":{"rendered":"<ul>\n<li class=\"four\">Course \u00e0 relais<\/li>\n<li>L'exclusivit\u00e9 en bonne voie<\/li>\n<li>D\u00e9jeuner<\/li>\n<li>N'importe lequel de nos tournois<\/li>\n<\/ul>","protected":false},"featured_media":256,"comment_status":"open","ping_status":"closed","template":"","meta":{"_acf_changed":false,"_kad_blocks_custom_css":"","_kad_blocks_head_custom_js":"","_kad_blocks_body_custom_js":"","_kad_blocks_footer_custom_js":"","_kad_post_transparent":"default","_kad_post_title":"","_kad_post_layout":"default","_kad_post_sidebar_id":"","_kad_post_content_style":"default","_kad_post_vertical_padding":"default","_kad_post_feature":"","_kad_post_feature_position":"","_kad_post_header":false,"_kad_post_footer":false,"_kad_post_classname":""},"product_brand":[],"product_cat":[90],"product_tag":[],"class_list":{"0":"post-667","1":"product","2":"type-product","3":"status-publish","4":"has-post-thumbnail","6":"product_cat-main","8":"first","9":"instock","10":"virtual","11":"purchasable","12":"product-type-simple","13":"entry","14":"content-bg","15":"loop-entry"},"acf":[],"taxonomy_info":{"product_cat":[{"value":90,"label":"Main"}]},"featured_image_src_large":["https:\/\/staging.kartingtenerife.com\/wp-content\/uploads\/sites\/3\/2025\/07\/para-emrpeseas-banner-card.jpg",313,167,false],"author_info":[],"comment_info":0,"_links":{"self":[{"href":"https:\/\/staging.kartingtenerife.com\/fr\/wp-json\/wp\/v2\/product\/667","targetHints":{"allow":["GET"]}}],"collection":[{"href":"https:\/\/staging.kartingtenerife.com\/fr\/wp-json\/wp\/v2\/product"}],"about":[{"href":"https:\/\/staging.kartingtenerife.com\/fr\/wp-json\/wp\/v2\/types\/product"}],"replies":[{"embeddable":true,"href":"https:\/\/staging.kartingtenerife.com\/fr\/wp-json\/wp\/v2\/comments?post=667"}],"wp:featuredmedia":[{"embeddable":true,"href":"https:\/\/staging.kartingtenerife.com\/fr\/wp-json\/wp\/v2\/media\/256"}],"wp:attachment":[{"href":"https:\/\/staging.kartingtenerife.com\/fr\/wp-json\/wp\/v2\/media?parent=667"}],"wp:term":[{"taxonomy":"product_brand","embeddable":true,"href":"https:\/\/staging.kartingtenerife.com\/fr\/wp-json\/wp\/v2\/product_brand?post=667"},{"taxonomy":"product_cat","embeddable":true,"href":"https:\/\/staging.kartingtenerife.com\/fr\/wp-json\/wp\/v2\/product_cat?post=667"},{"taxonomy":"product_tag","embeddable":true,"href":"https:\/\/staging.kartingtenerife.com\/fr\/wp-json\/wp\/v2\/product_tag?post=667"}],"curies":[{"name":"wp","href":"https:\/\/api.w.org\/{rel}","templated":true}]}}