{"id":512,"date":"2025-07-29T11:53:00","date_gmt":"2025-07-29T11:53:00","guid":{"rendered":"https:\/\/t295.turitopbooking.com\/pro\/?post_type=product&#038;p=512"},"modified":"2026-03-09T18:03:59","modified_gmt":"2026-03-09T18:03:59","slug":"kart-crg-centurion","status":"publish","type":"product","link":"https:\/\/staging.kartingtenerife.com\/fr\/course\/kart-crg-centurion\/","title":{"rendered":"Centurion CRG Kart"},"content":{"rendered":"<p>Vivez l'adr\u00e9naline du karting avec le CRG Centurion Kart 400 cc et 16 hp. Vitesse \u00e9lev\u00e9e, s\u00e9curit\u00e9 maximale et agilit\u00e9 dans les virages. Pour les plus de 18 ans.<\/p>\n<p>Les karts haute performance CRG Centurion sont con\u00e7us pour offrir une exp\u00e9rience de conduite palpitante, combinant vitesse \u00e9lev\u00e9e, confort maximal et grande agilit\u00e9 dans les virages. Con\u00e7us pour les pilotes \u00e0 la recherche de v\u00e9ritables sensations de course, ces karts garantissent une protection maximale du pilote et une position de conduite enti\u00e8rement r\u00e9glable, ce qui permet de s'adapter \u00e0 diff\u00e9rents styles et de garantir une exp\u00e9rience s\u00fbre et confortable.<\/p>\n<p>Ce mod\u00e8le est disponible sur le circuit Senior et s'adresse aux plus de 18 ans qui souhaitent profiter de l'adr\u00e9naline du karting avec un v\u00e9hicule puissant et stable.<\/p>\n<p>\u00c9quip\u00e9s d'un moteur de 400 c.c., 4 temps, 16 chevaux, ces karts offrent d'excellentes performances sur piste. Avec un poids de 180 kg, une longueur de 1,85 m et une largeur de 1,35 m, ils offrent une conduite ferme et \u00e9quilibr\u00e9e. En outre, ils peuvent atteindre une vitesse de pointe de 95 km\/h, ce qui en fait un choix id\u00e9al pour ceux qui recherchent la vitesse, la s\u00e9curit\u00e9 et le contr\u00f4le \u00e0 chaque virage sur un circuit de karting professionnel.<\/p>","protected":false},"excerpt":{"rendered":"<ul>\n<li>Voie des seniors<\/li>\n<li>Id\u00e9al pour les personnes \u00e2g\u00e9es de plus de 18 ans<\/li>\n<\/ul>","protected":false},"featured_media":513,"comment_status":"open","ping_status":"closed","template":"","meta":{"_acf_changed":false,"_kad_blocks_custom_css":"","_kad_blocks_head_custom_js":"","_kad_blocks_body_custom_js":"","_kad_blocks_footer_custom_js":"","_kad_post_transparent":"default","_kad_post_title":"","_kad_post_layout":"default","_kad_post_sidebar_id":"","_kad_post_content_style":"default","_kad_post_vertical_padding":"default","_kad_post_feature":"","_kad_post_feature_position":"","_kad_post_header":false,"_kad_post_footer":false,"_kad_post_classname":""},"product_brand":[],"product_cat":[85,88],"product_tag":[],"class_list":{"0":"post-512","1":"product","2":"type-product","3":"status-publish","4":"has-post-thumbnail","6":"product_cat-kart","7":"product_cat-pista-senior","9":"first","10":"instock","11":"sale","12":"virtual","13":"taxable","14":"purchasable","15":"product-type-simple","16":"entry","17":"content-bg","18":"loop-entry"},"acf":[],"taxonomy_info":{"product_cat":[{"value":85,"label":"Kart"},{"value":88,"label":"Pista Senior"}]},"featured_image_src_large":["https:\/\/staging.kartingtenerife.com\/wp-content\/uploads\/sites\/3\/2025\/07\/Kart-CRG-Centurion.png",800,734,false],"author_info":[],"comment_info":0,"_links":{"self":[{"href":"https:\/\/staging.kartingtenerife.com\/fr\/wp-json\/wp\/v2\/product\/512","targetHints":{"allow":["GET"]}}],"collection":[{"href":"https:\/\/staging.kartingtenerife.com\/fr\/wp-json\/wp\/v2\/product"}],"about":[{"href":"https:\/\/staging.kartingtenerife.com\/fr\/wp-json\/wp\/v2\/types\/product"}],"replies":[{"embeddable":true,"href":"https:\/\/staging.kartingtenerife.com\/fr\/wp-json\/wp\/v2\/comments?post=512"}],"wp:featuredmedia":[{"embeddable":true,"href":"https:\/\/staging.kartingtenerife.com\/fr\/wp-json\/wp\/v2\/media\/513"}],"wp:attachment":[{"href":"https:\/\/staging.kartingtenerife.com\/fr\/wp-json\/wp\/v2\/media?parent=512"}],"wp:term":[{"taxonomy":"product_brand","embeddable":true,"href":"https:\/\/staging.kartingtenerife.com\/fr\/wp-json\/wp\/v2\/product_brand?post=512"},{"taxonomy":"product_cat","embeddable":true,"href":"https:\/\/staging.kartingtenerife.com\/fr\/wp-json\/wp\/v2\/product_cat?post=512"},{"taxonomy":"product_tag","embeddable":true,"href":"https:\/\/staging.kartingtenerife.com\/fr\/wp-json\/wp\/v2\/product_tag?post=512"}],"curies":[{"name":"wp","href":"https:\/\/api.w.org\/{rel}","templated":true}]}}