{"id":669,"date":"2025-07-29T15:21:15","date_gmt":"2025-07-29T15:21:15","guid":{"rendered":"https:\/\/t295.turitopbooking.com\/pro\/product\/circuito-kart\/"},"modified":"2026-03-16T19:11:18","modified_gmt":"2026-03-16T19:11:18","slug":"kart-vermietung","status":"publish","type":"product","link":"https:\/\/staging.kartingtenerife.com\/de\/ethnie\/kart-vermietung\/","title":{"rendered":"Karts zu vermieten"},"content":{"rendered":"<p>Genie\u00dfen Sie den Kartverleih auf Teneriffa und erleben Sie den Nervenkitzel des Fahrens auf einer Strecke, die f\u00fcr alle Altersgruppen geeignet ist. Der Karting Club Teneriffa verf\u00fcgt \u00fcber Strecken f\u00fcr Senioren und Junioren, die Geschwindigkeit, Sicherheit und Spa\u00df f\u00fcr Erwachsene und Kinder bieten.<\/p>\n<p>Buchen Sie Ihre Sitzung online und genie\u00dfen Sie ein Karting-Erlebnis auf Teneriffa, das perfekt f\u00fcr Freunde, Familien oder Geschwindigkeitsliebhaber ist.<\/p>","protected":false},"excerpt":{"rendered":"<ul>\n<li>GoKart-Modelle nach Alter<\/li>\n<li>Dauer von 12 Minuten<\/li>\n<li>Zugang zu den Pisten<\/li>\n<li>Maximaler Spa\u00df<\/li>\n<\/ul>","protected":false},"featured_media":295,"comment_status":"open","ping_status":"closed","template":"","meta":{"_acf_changed":false,"_kad_blocks_custom_css":"","_kad_blocks_head_custom_js":"","_kad_blocks_body_custom_js":"","_kad_blocks_footer_custom_js":"","_kad_post_transparent":"default","_kad_post_title":"","_kad_post_layout":"default","_kad_post_sidebar_id":"","_kad_post_content_style":"default","_kad_post_vertical_padding":"default","_kad_post_feature":"","_kad_post_feature_position":"","_kad_post_header":false,"_kad_post_footer":false,"_kad_post_classname":""},"product_brand":[],"product_cat":[90],"product_tag":[],"class_list":{"0":"post-669","1":"product","2":"type-product","3":"status-publish","4":"has-post-thumbnail","6":"product_cat-main","8":"first","9":"instock","10":"virtual","11":"sold-individually","12":"purchasable","13":"product-type-turitop","14":"entry","15":"content-bg","16":"loop-entry"},"acf":[],"taxonomy_info":{"product_cat":[{"value":90,"label":"Main"}]},"featured_image_src_large":["https:\/\/staging.kartingtenerife.com\/wp-content\/uploads\/sites\/3\/2025\/07\/circuito-karts-banner-card.jpg",313,167,false],"author_info":[],"comment_info":0,"_links":{"self":[{"href":"https:\/\/staging.kartingtenerife.com\/de\/wp-json\/wp\/v2\/product\/669","targetHints":{"allow":["GET"]}}],"collection":[{"href":"https:\/\/staging.kartingtenerife.com\/de\/wp-json\/wp\/v2\/product"}],"about":[{"href":"https:\/\/staging.kartingtenerife.com\/de\/wp-json\/wp\/v2\/types\/product"}],"replies":[{"embeddable":true,"href":"https:\/\/staging.kartingtenerife.com\/de\/wp-json\/wp\/v2\/comments?post=669"}],"wp:featuredmedia":[{"embeddable":true,"href":"https:\/\/staging.kartingtenerife.com\/de\/wp-json\/wp\/v2\/media\/295"}],"wp:attachment":[{"href":"https:\/\/staging.kartingtenerife.com\/de\/wp-json\/wp\/v2\/media?parent=669"}],"wp:term":[{"taxonomy":"product_brand","embeddable":true,"href":"https:\/\/staging.kartingtenerife.com\/de\/wp-json\/wp\/v2\/product_brand?post=669"},{"taxonomy":"product_cat","embeddable":true,"href":"https:\/\/staging.kartingtenerife.com\/de\/wp-json\/wp\/v2\/product_cat?post=669"},{"taxonomy":"product_tag","embeddable":true,"href":"https:\/\/staging.kartingtenerife.com\/de\/wp-json\/wp\/v2\/product_tag?post=669"}],"curies":[{"name":"wp","href":"https:\/\/api.w.org\/{rel}","templated":true}]}}