{"id":2467,"date":"2026-03-11T23:13:28","date_gmt":"2026-03-11T23:13:28","guid":{"rendered":"https:\/\/www.kartingtenerife.com\/?post_type=product&#038;p=2467"},"modified":"2026-03-16T16:24:05","modified_gmt":"2026-03-16T16:24:05","slug":"geschenkkkarte","status":"publish","type":"product","link":"https:\/\/staging.kartingtenerife.com\/de\/ethnie\/geschenkkkarte\/","title":{"rendered":"Geschenkkarte"},"content":{"rendered":"<p>Die Karting Club Tenerife Geschenkkarte ist die perfekte Option, um mit einem Erlebnis voller Adrenalin und Spa\u00df zu \u00fcberraschen. Mit dieser Karting-Geschenkkarte k\u00f6nnen Sie ein Rennstreckenerlebnis kaufen oder verschenken, so dass der Empf\u00e4nger entscheiden kann, wann er es genie\u00dfen m\u00f6chte. Es ist ein ideales Geschenk f\u00fcr Geburtstage, Feiern, besondere Anl\u00e4sse oder einfach um jemanden zu \u00fcberraschen, der Geschwindigkeit liebt.<\/p>\n<p>Unser Karting-Geschenkgutschein ist einfach zu verwenden: Sie k\u00f6nnen ihn in wenigen Minuten online kaufen und ihn auch direkt auf der Website einl\u00f6sen, um das Erlebnis auf der Rennstrecke zu buchen. So muss der Beschenkte nur noch das Datum ausw\u00e4hlen und kann sich auf den Nervenkitzel beim Kartfahren freuen.<\/p>\n<p>Ganz gleich, ob Sie ein einzigartiges Erlebnis verschenken m\u00f6chten oder ob Sie bereits eine Karte besitzen und diese einl\u00f6sen m\u00f6chten, um Ihre Karting-Session zu buchen - mit dieser Website k\u00f6nnen Sie alles schnell, einfach und sicher verwalten.<\/p>","protected":false},"excerpt":{"rendered":"<p>La Tarjeta de Regalo de Karting Club Tenerife es la opci\u00f3n perfecta para sorprender con una experiencia llena de adrenalina y diversi\u00f3n. Con esta gift card de karting, podr\u00e1s comprar o regalar una experiencia en circuito, permitiendo que quien la reciba decida cu\u00e1ndo disfrutarla. Es un regalo ideal para cumplea\u00f1os, celebraciones, ocasiones especiales o simplemente&#8230;<\/p>","protected":false},"featured_media":2468,"comment_status":"open","ping_status":"closed","template":"","meta":{"_acf_changed":false,"_kad_blocks_custom_css":"","_kad_blocks_head_custom_js":"","_kad_blocks_body_custom_js":"","_kad_blocks_footer_custom_js":"","_kad_post_transparent":"default","_kad_post_title":"","_kad_post_layout":"default","_kad_post_sidebar_id":"","_kad_post_content_style":"default","_kad_post_vertical_padding":"default","_kad_post_feature":"","_kad_post_feature_position":"","_kad_post_header":false,"_kad_post_footer":false,"_kad_post_classname":""},"product_brand":[],"product_cat":[810],"product_tag":[],"class_list":{"0":"post-2467","1":"product","2":"type-product","3":"status-publish","4":"has-post-thumbnail","6":"product_cat-gift","8":"first","9":"instock","10":"virtual","11":"sold-individually","12":"purchasable","13":"product-type-turitop","14":"entry","15":"content-bg","16":"loop-entry"},"acf":[],"taxonomy_info":{"product_cat":[{"value":810,"label":"Gift"}]},"featured_image_src_large":["https:\/\/staging.kartingtenerife.com\/wp-content\/uploads\/sites\/3\/2026\/03\/tarjeta-de-regalo.png",1000,603,false],"author_info":[],"comment_info":0,"_links":{"self":[{"href":"https:\/\/staging.kartingtenerife.com\/de\/wp-json\/wp\/v2\/product\/2467","targetHints":{"allow":["GET"]}}],"collection":[{"href":"https:\/\/staging.kartingtenerife.com\/de\/wp-json\/wp\/v2\/product"}],"about":[{"href":"https:\/\/staging.kartingtenerife.com\/de\/wp-json\/wp\/v2\/types\/product"}],"replies":[{"embeddable":true,"href":"https:\/\/staging.kartingtenerife.com\/de\/wp-json\/wp\/v2\/comments?post=2467"}],"wp:featuredmedia":[{"embeddable":true,"href":"https:\/\/staging.kartingtenerife.com\/de\/wp-json\/wp\/v2\/media\/2468"}],"wp:attachment":[{"href":"https:\/\/staging.kartingtenerife.com\/de\/wp-json\/wp\/v2\/media?parent=2467"}],"wp:term":[{"taxonomy":"product_brand","embeddable":true,"href":"https:\/\/staging.kartingtenerife.com\/de\/wp-json\/wp\/v2\/product_brand?post=2467"},{"taxonomy":"product_cat","embeddable":true,"href":"https:\/\/staging.kartingtenerife.com\/de\/wp-json\/wp\/v2\/product_cat?post=2467"},{"taxonomy":"product_tag","embeddable":true,"href":"https:\/\/staging.kartingtenerife.com\/de\/wp-json\/wp\/v2\/product_tag?post=2467"}],"curies":[{"name":"wp","href":"https:\/\/api.w.org\/{rel}","templated":true}]}}