{"id":1011,"date":"2025-07-31T20:51:17","date_gmt":"2025-07-31T20:51:17","guid":{"rendered":"https:\/\/t295.turitopbooking.com\/pro\/?post_type=product&#038;p=1011"},"modified":"2026-03-03T15:41:26","modified_gmt":"2026-03-03T15:41:26","slug":"minipreis","status":"publish","type":"product","link":"https:\/\/staging.kartingtenerife.com\/de\/ethnie\/minipreis\/","title":{"rendered":"Mini-Prix"},"content":{"rendered":"<p>Buchen Sie jetzt Ihr Mini-Prix-Karting-Erlebnis auf Teneriffa. Rennspa\u00df f\u00fcr alle - ideal f\u00fcr Familien, Kinder und Gruppen - buchen Sie online!<\/p>\n<p>Eine g\u00fcnstigere Aktivit\u00e4t als der Grand Prix und ideal f\u00fcr kleine Gruppen. 3 Aufw\u00e4rmrunden und 10 Rennrunden (die ganze Gruppe gleichzeitig). Gruppen, die diese Aktivit\u00e4t buchen, erhalten 3 personalisierte Diplome f\u00fcr die ersten 3 Finisher.<\/p>","protected":false},"excerpt":{"rendered":"<ul>\n<li class=\"one\"><strong>1. klassifiziert:<\/strong> Das Diplom.<\/li>\n<li class=\"two\"><strong>2. Klassifiziert:<\/strong> Das Diplom.<\/li>\n<li class=\"tree\"><strong>3. Klassifiziert:<\/strong> Das Diplom.<\/li>\n<\/ul>","protected":false},"featured_media":1012,"comment_status":"open","ping_status":"closed","template":"","meta":{"_acf_changed":false,"_kad_blocks_custom_css":"","_kad_blocks_head_custom_js":"","_kad_blocks_body_custom_js":"","_kad_blocks_footer_custom_js":"","_kad_post_transparent":"default","_kad_post_title":"","_kad_post_layout":"default","_kad_post_sidebar_id":"","_kad_post_content_style":"default","_kad_post_vertical_padding":"default","_kad_post_feature":"","_kad_post_feature_position":"","_kad_post_header":false,"_kad_post_footer":false,"_kad_post_classname":""},"product_brand":[],"product_cat":[94],"product_tag":[],"class_list":{"0":"post-1011","1":"product","2":"type-product","3":"status-publish","4":"has-post-thumbnail","6":"product_cat-torneo","8":"first","9":"instock","10":"virtual","11":"sold-individually","12":"purchasable","13":"product-type-turitop","14":"entry","15":"content-bg","16":"loop-entry"},"acf":[],"taxonomy_info":{"product_cat":[{"value":94,"label":"Torneo"}]},"featured_image_src_large":["https:\/\/staging.kartingtenerife.com\/wp-content\/uploads\/sites\/3\/2025\/07\/Mini-Prix.jpg",800,483,false],"author_info":[],"comment_info":0,"_links":{"self":[{"href":"https:\/\/staging.kartingtenerife.com\/de\/wp-json\/wp\/v2\/product\/1011","targetHints":{"allow":["GET"]}}],"collection":[{"href":"https:\/\/staging.kartingtenerife.com\/de\/wp-json\/wp\/v2\/product"}],"about":[{"href":"https:\/\/staging.kartingtenerife.com\/de\/wp-json\/wp\/v2\/types\/product"}],"replies":[{"embeddable":true,"href":"https:\/\/staging.kartingtenerife.com\/de\/wp-json\/wp\/v2\/comments?post=1011"}],"wp:featuredmedia":[{"embeddable":true,"href":"https:\/\/staging.kartingtenerife.com\/de\/wp-json\/wp\/v2\/media\/1012"}],"wp:attachment":[{"href":"https:\/\/staging.kartingtenerife.com\/de\/wp-json\/wp\/v2\/media?parent=1011"}],"wp:term":[{"taxonomy":"product_brand","embeddable":true,"href":"https:\/\/staging.kartingtenerife.com\/de\/wp-json\/wp\/v2\/product_brand?post=1011"},{"taxonomy":"product_cat","embeddable":true,"href":"https:\/\/staging.kartingtenerife.com\/de\/wp-json\/wp\/v2\/product_cat?post=1011"},{"taxonomy":"product_tag","embeddable":true,"href":"https:\/\/staging.kartingtenerife.com\/de\/wp-json\/wp\/v2\/product_tag?post=1011"}],"curies":[{"name":"wp","href":"https:\/\/api.w.org\/{rel}","templated":true}]}}